{"id":148,"date":"2017-07-25T15:40:33","date_gmt":"2017-07-25T13:40:33","guid":{"rendered":"http:\/\/maisonpuechmalou.com\/?page_id=148"},"modified":"2023-11-19T16:31:14","modified_gmt":"2023-11-19T15:31:14","slug":"vakantiehuis-de-hoeve","status":"publish","type":"page","link":"https:\/\/maisonpuechmalou.com\/fr\/vakantiehuis-de-hoeve\/","title":{"rendered":"G\u00eete &lsquo;Le Farmhouse'"},"content":{"rendered":"<p><\/p>\n<h2 style=\"text-align: justify;\"><span style=\"font-weight: 400;\">Ce g\u00eete est expos\u00e9 au sud-ouest. Il est am\u00e9nag\u00e9 dans une demeure tr\u00e8s spacieuse et tr\u00e8s confortable, entour\u00e9e d\u2019un parc am\u00e9nag\u00e9 priv\u00e9 et bord\u00e9 d\u2019une terrasse. Le g\u00eete \u2018le Farmhouse\u2019 peut accueillir jusqu&rsquo;\u00e0 10 personnes tr\u00e8s confortablement. Si vous souhaitez venir y s\u00e9journer \u00e0 plus de dix personnes, merci de nous contacter.<\/span><\/h2>\n<p style=\"text-align: justify;\"><span style=\"font-weight: 400;\">L\u2019acc\u00e8s au g\u00eete se fait par une cour ferm\u00e9e qui permet d\u2019acc\u00e9der \u00e0 la cuisine, spacieuse et enti\u00e8rement \u00e9quip\u00e9e. Plus loin, le grand salon constitue le c\u0153ur de la maison. Vous pourrez vous y d\u00e9tendre en d\u00e9gustant un bon verre de vin de Gaillac. Le g\u00eete compte cinq chambres romantiques et spacieuses ainsi que trois salles de bains. Les meubles anciens et la d\u00e9coration font que l\u2019ambiance de la maison est tr\u00e8s chaleureuse.<\/span><\/p>\n<p style=\"text-align: justify;\"><span style=\"font-weight: 400;\">Des baies vitr\u00e9es dans le s\u00e9jour permettent d\u2019acc\u00e9der au jardin privatif, avec une belle terrasse, enti\u00e8rement \u00e9quip\u00e9e pour 10 \u00e0 12 personnes. Pendant les journ\u00e9es les plus chaudes, vous serez prot\u00e9g\u00e9s du soleil \u00e0 l\u2019ombre d\u2019un beau tilleul. Un barbecue est \u00e0 votre disposition sur la terrasse. <\/span><\/p>\n<p style=\"text-align: justify;\"><span style=\"font-weight: 400;\">Depuis la terrasse, vous pouvez acc\u00e9der \u00e0 un parc paysager de 2500 m2. <\/span><\/p>\n<p style=\"text-align: justify;\"><span style=\"font-weight: 400;\"><img loading=\"lazy\" decoding=\"async\" class=\"size-full wp-image-459 alignleft\" src=\"http:\/\/maisonpuechmalou.com\/wp-content\/uploads\/2017\/07\/meuble_4.jpg\" alt=\"\" width=\"150\" height=\"152\" srcset=\"https:\/\/maisonpuechmalou.com\/wp-content\/uploads\/2017\/07\/meuble_4.jpg 150w, https:\/\/maisonpuechmalou.com\/wp-content\/uploads\/2017\/07\/meuble_4-100x100.jpg 100w\" sizes=\"auto, (max-width: 150px) 100vw, 150px\" \/><\/span><\/p>\n<p style=\"text-align: justify;\"><span style=\"font-weight: 400;\">Ici, vous pourrez profiter de vues magnifiques sur les collines, de couchers de soleil spectaculaires et de cieux \u00e9toil\u00e9s comme vous n\u2019en avez jamais vu auparavant.\u00a0<\/span><span style=\"font-weight: 400;\">La piscine se situe dans le jardin. Elle mesure 5 m\u00e8tres sur 11, avec une profondeur de 1,30 m. Elle est \u00e9quip\u00e9e d&rsquo;un syst\u00e8me d&rsquo;alarme et elle est entour\u00e9e dans son int\u00e9gralit\u00e9 par une belle terrasse avec des chaises longues.<\/span><\/p>\n<p style=\"text-align: justify;\"><span style=\"font-weight: 400;\">Le g\u00eete \u2018le Farmhouse\u2019 a 4 **** \u00e9toiles, attribu\u00e9es par Comit\u00e9 D\u00e9partemental du Tourisme du Tarn, dans la cat\u00e9gorie Meubl\u00e9s de Tourisme.<\/span><\/p>\n<p><a href=\"http:\/\/maisonpuechmalou.com\/wp-content\/virtualtours\/farmhouse\/PuechMalouFarmhouse.html\" target=\"_blank\" rel=\"noopener noreferrer\"><img loading=\"lazy\" decoding=\"async\" class=\"alignnone\" src=\"http:\/\/maisonpuechmalou.com\/wp-content\/uploads\/2019\/04\/mpuechm.jpg\" alt=\"\" width=\"900\" height=\"545\" \/><\/a><\/p>\n<p style=\"text-align: left;\"><span style=\"font-size: 12pt;\">Voir le tour virtuel (\u00e7a ouvre une nouvelle fen\u00eatre)<\/span><\/p>\n<p><\/p>","protected":false},"excerpt":{"rendered":"<p>Ce g\u00eete est expos\u00e9 au sud-ouest. Il est am\u00e9nag\u00e9 dans une demeure tr\u00e8s spacieuse et tr\u00e8s confortable, entour\u00e9e d\u2019un parc am\u00e9nag\u00e9 priv\u00e9 et bord\u00e9 d\u2019une terrasse. Le g\u00eete \u2018le Farmhouse\u2019 peut accueillir jusqu&rsquo;\u00e0 10 personnes tr\u00e8s confortablement. Si vous souhaitez venir y s\u00e9journer \u00e0 plus de dix personnes, merci de nous contacter. L\u2019acc\u00e8s au g\u00eete &hellip; <\/p>\n<p class=\"link-more\"><a href=\"https:\/\/maisonpuechmalou.com\/fr\/vakantiehuis-de-hoeve\/\" class=\"more-link\">Continuer la lecture<span class=\"screen-reader-text\"> de &laquo;&nbsp;G\u00eete &lsquo;Le Farmhouse&rsquo;&nbsp;&raquo;<\/span><\/a><\/p>\n","protected":false},"author":1,"featured_media":93,"parent":0,"menu_order":0,"comment_status":"closed","ping_status":"closed","template":"","meta":{"footnotes":""},"class_list":["post-148","page","type-page","status-publish","has-post-thumbnail","hentry"],"yoast_head":"<!-- This site is optimized with the Yoast SEO plugin v27.5 - https:\/\/yoast.com\/product\/yoast-seo-wordpress\/ -->\n<title>G\u00eete &#039;Le Farmhouse&#039; - Domaine Puech Malou<\/title>\n<meta name=\"robots\" content=\"index, follow, max-snippet:-1, max-image-preview:large, max-video-preview:-1\" \/>\n<link rel=\"canonical\" href=\"https:\/\/maisonpuechmalou.com\/vakantiehuis-de-hoeve\/\" \/>\n<meta property=\"og:locale\" content=\"fr_FR\" \/>\n<meta property=\"og:type\" content=\"article\" \/>\n<meta property=\"og:title\" content=\"G\u00eete &#039;Le Farmhouse&#039; - Domaine Puech Malou\" \/>\n<meta property=\"og:description\" content=\"Ce g\u00eete est expos\u00e9 au sud-ouest. Il est am\u00e9nag\u00e9 dans une demeure tr\u00e8s spacieuse et tr\u00e8s confortable, entour\u00e9e d\u2019un parc am\u00e9nag\u00e9 priv\u00e9 et bord\u00e9 d\u2019une terrasse. Le g\u00eete \u2018le Farmhouse\u2019 peut accueillir jusqu&rsquo;\u00e0 10 personnes tr\u00e8s confortablement. Si vous souhaitez venir y s\u00e9journer \u00e0 plus de dix personnes, merci de nous contacter. L\u2019acc\u00e8s au g\u00eete &hellip; Continuer la lecture de &laquo;&nbsp;G\u00eete &lsquo;Le Farmhouse&#039;&nbsp;&raquo;\" \/>\n<meta property=\"og:url\" content=\"https:\/\/maisonpuechmalou.com\/vakantiehuis-de-hoeve\/\" \/>\n<meta property=\"og:site_name\" content=\"Domaine Puech Malou\" \/>\n<meta property=\"article:modified_time\" content=\"2023-11-19T15:31:14+00:00\" \/>\n<meta property=\"og:image\" content=\"https:\/\/maisonpuechmalou.com\/wp-content\/uploads\/2017\/05\/hoeve.jpg\" \/>\n\t<meta property=\"og:image:width\" content=\"1024\" \/>\n\t<meta property=\"og:image:height\" content=\"769\" \/>\n\t<meta property=\"og:image:type\" content=\"image\/jpeg\" \/>\n<meta name=\"twitter:card\" content=\"summary_large_image\" \/>\n<meta name=\"twitter:label1\" content=\"Dur\u00e9e de lecture estim\u00e9e\" \/>\n\t<meta name=\"twitter:data1\" content=\"6 minutes\" \/>\n<script type=\"application\/ld+json\" class=\"yoast-schema-graph\">{\"@context\":\"https:\\\/\\\/schema.org\",\"@graph\":[{\"@type\":\"WebPage\",\"@id\":\"https:\\\/\\\/maisonpuechmalou.com\\\/vakantiehuis-de-hoeve\\\/\",\"url\":\"https:\\\/\\\/maisonpuechmalou.com\\\/vakantiehuis-de-hoeve\\\/\",\"name\":\"G\u00eete 'Le Farmhouse' - Domaine Puech Malou\",\"isPartOf\":{\"@id\":\"https:\\\/\\\/maisonpuechmalou.com\\\/#website\"},\"primaryImageOfPage\":{\"@id\":\"https:\\\/\\\/maisonpuechmalou.com\\\/vakantiehuis-de-hoeve\\\/#primaryimage\"},\"image\":{\"@id\":\"https:\\\/\\\/maisonpuechmalou.com\\\/vakantiehuis-de-hoeve\\\/#primaryimage\"},\"thumbnailUrl\":\"https:\\\/\\\/maisonpuechmalou.com\\\/wp-content\\\/uploads\\\/2017\\\/05\\\/hoeve.jpg\",\"datePublished\":\"2017-07-25T13:40:33+00:00\",\"dateModified\":\"2023-11-19T15:31:14+00:00\",\"breadcrumb\":{\"@id\":\"https:\\\/\\\/maisonpuechmalou.com\\\/vakantiehuis-de-hoeve\\\/#breadcrumb\"},\"inLanguage\":\"fr-FR\",\"potentialAction\":[{\"@type\":\"ReadAction\",\"target\":[\"https:\\\/\\\/maisonpuechmalou.com\\\/vakantiehuis-de-hoeve\\\/\"]}]},{\"@type\":\"ImageObject\",\"inLanguage\":\"fr-FR\",\"@id\":\"https:\\\/\\\/maisonpuechmalou.com\\\/vakantiehuis-de-hoeve\\\/#primaryimage\",\"url\":\"https:\\\/\\\/maisonpuechmalou.com\\\/wp-content\\\/uploads\\\/2017\\\/05\\\/hoeve.jpg\",\"contentUrl\":\"https:\\\/\\\/maisonpuechmalou.com\\\/wp-content\\\/uploads\\\/2017\\\/05\\\/hoeve.jpg\",\"width\":1024,\"height\":769},{\"@type\":\"BreadcrumbList\",\"@id\":\"https:\\\/\\\/maisonpuechmalou.com\\\/vakantiehuis-de-hoeve\\\/#breadcrumb\",\"itemListElement\":[{\"@type\":\"ListItem\",\"position\":1,\"name\":\"Home\",\"item\":\"https:\\\/\\\/maisonpuechmalou.com\\\/\"},{\"@type\":\"ListItem\",\"position\":2,\"name\":\"Vakantiehuis &#8216;de Hoeve&#8217;\"}]},{\"@type\":\"WebSite\",\"@id\":\"https:\\\/\\\/maisonpuechmalou.com\\\/#website\",\"url\":\"https:\\\/\\\/maisonpuechmalou.com\\\/\",\"name\":\"Domaine Puech Malou\",\"description\":\"Des vacances dans un petit paradis en Occitanie\",\"potentialAction\":[{\"@type\":\"SearchAction\",\"target\":{\"@type\":\"EntryPoint\",\"urlTemplate\":\"https:\\\/\\\/maisonpuechmalou.com\\\/?s={search_term_string}\"},\"query-input\":{\"@type\":\"PropertyValueSpecification\",\"valueRequired\":true,\"valueName\":\"search_term_string\"}}],\"inLanguage\":\"fr-FR\"}]}<\/script>\n<!-- \/ Yoast SEO plugin. -->","yoast_head_json":{"title":"G\u00eete 'Le Farmhouse' - Domaine Puech Malou","robots":{"index":"index","follow":"follow","max-snippet":"max-snippet:-1","max-image-preview":"max-image-preview:large","max-video-preview":"max-video-preview:-1"},"canonical":"https:\/\/maisonpuechmalou.com\/vakantiehuis-de-hoeve\/","og_locale":"fr_FR","og_type":"article","og_title":"G\u00eete 'Le Farmhouse' - Domaine Puech Malou","og_description":"Ce g\u00eete est expos\u00e9 au sud-ouest. Il est am\u00e9nag\u00e9 dans une demeure tr\u00e8s spacieuse et tr\u00e8s confortable, entour\u00e9e d\u2019un parc am\u00e9nag\u00e9 priv\u00e9 et bord\u00e9 d\u2019une terrasse. Le g\u00eete \u2018le Farmhouse\u2019 peut accueillir jusqu&rsquo;\u00e0 10 personnes tr\u00e8s confortablement. Si vous souhaitez venir y s\u00e9journer \u00e0 plus de dix personnes, merci de nous contacter. L\u2019acc\u00e8s au g\u00eete &hellip; Continuer la lecture de &laquo;&nbsp;G\u00eete &lsquo;Le Farmhouse'&nbsp;&raquo;","og_url":"https:\/\/maisonpuechmalou.com\/vakantiehuis-de-hoeve\/","og_site_name":"Domaine Puech Malou","article_modified_time":"2023-11-19T15:31:14+00:00","og_image":[{"width":1024,"height":769,"url":"https:\/\/maisonpuechmalou.com\/wp-content\/uploads\/2017\/05\/hoeve.jpg","type":"image\/jpeg"}],"twitter_card":"summary_large_image","twitter_misc":{"Dur\u00e9e de lecture estim\u00e9e":"6 minutes"},"schema":{"@context":"https:\/\/schema.org","@graph":[{"@type":"WebPage","@id":"https:\/\/maisonpuechmalou.com\/vakantiehuis-de-hoeve\/","url":"https:\/\/maisonpuechmalou.com\/vakantiehuis-de-hoeve\/","name":"G\u00eete 'Le Farmhouse' - Domaine Puech Malou","isPartOf":{"@id":"https:\/\/maisonpuechmalou.com\/#website"},"primaryImageOfPage":{"@id":"https:\/\/maisonpuechmalou.com\/vakantiehuis-de-hoeve\/#primaryimage"},"image":{"@id":"https:\/\/maisonpuechmalou.com\/vakantiehuis-de-hoeve\/#primaryimage"},"thumbnailUrl":"https:\/\/maisonpuechmalou.com\/wp-content\/uploads\/2017\/05\/hoeve.jpg","datePublished":"2017-07-25T13:40:33+00:00","dateModified":"2023-11-19T15:31:14+00:00","breadcrumb":{"@id":"https:\/\/maisonpuechmalou.com\/vakantiehuis-de-hoeve\/#breadcrumb"},"inLanguage":"fr-FR","potentialAction":[{"@type":"ReadAction","target":["https:\/\/maisonpuechmalou.com\/vakantiehuis-de-hoeve\/"]}]},{"@type":"ImageObject","inLanguage":"fr-FR","@id":"https:\/\/maisonpuechmalou.com\/vakantiehuis-de-hoeve\/#primaryimage","url":"https:\/\/maisonpuechmalou.com\/wp-content\/uploads\/2017\/05\/hoeve.jpg","contentUrl":"https:\/\/maisonpuechmalou.com\/wp-content\/uploads\/2017\/05\/hoeve.jpg","width":1024,"height":769},{"@type":"BreadcrumbList","@id":"https:\/\/maisonpuechmalou.com\/vakantiehuis-de-hoeve\/#breadcrumb","itemListElement":[{"@type":"ListItem","position":1,"name":"Home","item":"https:\/\/maisonpuechmalou.com\/"},{"@type":"ListItem","position":2,"name":"Vakantiehuis &#8216;de Hoeve&#8217;"}]},{"@type":"WebSite","@id":"https:\/\/maisonpuechmalou.com\/#website","url":"https:\/\/maisonpuechmalou.com\/","name":"Domaine Puech Malou","description":"Des vacances dans un petit paradis en Occitanie","potentialAction":[{"@type":"SearchAction","target":{"@type":"EntryPoint","urlTemplate":"https:\/\/maisonpuechmalou.com\/?s={search_term_string}"},"query-input":{"@type":"PropertyValueSpecification","valueRequired":true,"valueName":"search_term_string"}}],"inLanguage":"fr-FR"}]}},"_links":{"self":[{"href":"https:\/\/maisonpuechmalou.com\/fr\/wp-json\/wp\/v2\/pages\/148","targetHints":{"allow":["GET"]}}],"collection":[{"href":"https:\/\/maisonpuechmalou.com\/fr\/wp-json\/wp\/v2\/pages"}],"about":[{"href":"https:\/\/maisonpuechmalou.com\/fr\/wp-json\/wp\/v2\/types\/page"}],"author":[{"embeddable":true,"href":"https:\/\/maisonpuechmalou.com\/fr\/wp-json\/wp\/v2\/users\/1"}],"replies":[{"embeddable":true,"href":"https:\/\/maisonpuechmalou.com\/fr\/wp-json\/wp\/v2\/comments?post=148"}],"version-history":[{"count":95,"href":"https:\/\/maisonpuechmalou.com\/fr\/wp-json\/wp\/v2\/pages\/148\/revisions"}],"predecessor-version":[{"id":8385,"href":"https:\/\/maisonpuechmalou.com\/fr\/wp-json\/wp\/v2\/pages\/148\/revisions\/8385"}],"wp:featuredmedia":[{"embeddable":true,"href":"https:\/\/maisonpuechmalou.com\/fr\/wp-json\/wp\/v2\/media\/93"}],"wp:attachment":[{"href":"https:\/\/maisonpuechmalou.com\/fr\/wp-json\/wp\/v2\/media?parent=148"}],"curies":[{"name":"wp","href":"https:\/\/api.w.org\/{rel}","templated":true}]}}