{"id":147,"date":"2017-07-25T15:40:33","date_gmt":"2017-07-25T13:40:33","guid":{"rendered":"http:\/\/maisonpuechmalou.com\/?page_id=147"},"modified":"2022-11-07T18:04:30","modified_gmt":"2022-11-07T17:04:30","slug":"het-domein","status":"publish","type":"page","link":"https:\/\/maisonpuechmalou.com\/fr\/","title":{"rendered":"Le Domaine"},"content":{"rendered":"<p><\/p>\n<h2 style=\"text-align: justify;\"><span style=\"font-weight: 400;\">Le Domaine Puech Malou est situ\u00e9 dans le d\u00e9partement du Tarn, en Occitanie (anciennement Languedoc-Roussillon et Midi-Pyr\u00e9n\u00e9es), dans le sud de la France. Nich\u00e9 dans un cadre naturel remarquable, le Domaine abrite deux g\u00eetes de qualit\u00e9 qui peuvent \u00eatre lou\u00e9s pour des vacances bien m\u00e9rit\u00e9es. <\/span><\/h2>\n<p style=\"text-align: justify;\"><span style=\"font-weight: 400;\">En occitan, \u2018\u2019Puech\u2019\u2019 veut dire colline et \u2018\u2019Malou\u2019\u2019 d\u00e9signe une vieille race de pommes. Le Domaine a \u00e9t\u00e9 construit dans les ann\u00e9es 1800, en pleine campagne sur une colline ensoleill\u00e9e \u00e0 525 m\u00e8tres d\u2019altitude. La propri\u00e9t\u00e9 fait partie du charmant hameau de Puech Malou qui appartient \u00e0 la commune de Teillet. Albi est \u00e0 moins de 30 minutes de route et vous mettrez une heure pour vous rendre \u00e0 Toulouse. Lorsqu\u2019il fait beau, on peut discerner les Pyr\u00e9n\u00e9es depuis la propri\u00e9t\u00e9. Les environs sont calmes et les paysages remarquables, avec des vues imprenables. De nombreux villages b\u00e9n\u00e9ficiant du label \u2018\u2018plus beaux villages de France\u2019\u2019 sont \u00e0 proximit\u00e9.<br \/>\n<\/span><\/p>\n<h2 style=\"text-align: justify;\"><span style=\"font-weight: 400;\">Les g\u00eetes du Domaine Puech Malou<br \/>\n<\/span><\/h2>\n<p style=\"text-align: justify;\"><span style=\"font-weight: 400;\">Am\u00e9nag\u00e9s dans un b\u00e2timent historique, les g\u00eetes ont \u00e9t\u00e9 restaur\u00e9s et d\u00e9cor\u00e9s avec le souci du d\u00e9tail. Ils ont conserv\u00e9 leur charme d\u2019antan. Ils sont compl\u00e8tement ind\u00e9pendants et disposent de commodit\u00e9s priv\u00e9es avec, notamment, un jardin et une terrasse. <\/span><\/p>\n<p><img loading=\"lazy\" decoding=\"async\" class=\"size-full wp-image-454 alignleft\" src=\"http:\/\/maisonpuechmalou.com\/wp-content\/uploads\/2017\/07\/sawday_def.jpg\" alt=\"\" width=\"111\" height=\"115\" \/><\/p>\n<p style=\"text-align: justify;\"><span style=\"font-weight: 400;\">Les champs autour du Domaine ressemblent aujourd\u2019hui \u00e0 des jardins en terrasses. Vous pourrez y admirer de belles vues et des couchers de soleil \u00e0 couper le souffle. Mais la propri\u00e9t\u00e9 vous permettra surtout de profiter de la douceur des nuits d&rsquo;\u00e9t\u00e9 et de cieux \u00e9toil\u00e9s spectaculaires.<\/span><\/p>\n<p style=\"text-align: justify;\"><span style=\"font-weight: 400;\">Sur le Domaine, \u2018\u2019calme\u2019\u2019, \u2018\u2019espace\u2019\u2019 et \u2018\u2019intimit\u00e9\u2019\u2019 sont les mots-cl\u00e9s. Nous souhaitons que vous puissiez vous sentir chez vous tout en d\u00e9couvrant les atouts de ce lieu si sp\u00e9cial. Nous vous accueillons pour des vacances merveilleuses, en couple ou en groupe jusqu\u2019\u00e0 10 personnes (pour plus de 10 personnes merci de nous contacter). Vous trouverez chez nous un lieu de d\u00e9tente qui vous permettra sans doute de prendre de la distance avec votre vie quotidienne.<\/span><\/p>\n<div id=\"fd-language\"><a href=\"http:\/\/maisonpuechmalou.com\/en\"><img loading=\"lazy\" decoding=\"async\" class=\"alignnone\" title=\"English\" src=\"http:\/\/maisonpuechmalou.com\/wp-content\/uploads\/2017\/10\/en.png\" alt=\"English\" width=\"18\" height=\"12\" \/><\/a>\u00a0\u00a0 <a href=\"http:\/\/maisonpuechmalou.com\/nl\"><img loading=\"lazy\" decoding=\"async\" class=\"alignnone\" title=\"Nederlands\" src=\"http:\/\/maisonpuechmalou.com\/wp-content\/uploads\/2017\/10\/nl.png\" alt=\"Nederlands\" width=\"18\" height=\"12\" \/><\/a><\/div>\n<p><\/p>","protected":false},"excerpt":{"rendered":"<p>Le Domaine Puech Malou est situ\u00e9 dans le d\u00e9partement du Tarn, en Occitanie (anciennement Languedoc-Roussillon et Midi-Pyr\u00e9n\u00e9es), dans le sud de la France. Nich\u00e9 dans un cadre naturel remarquable, le Domaine abrite deux g\u00eetes de qualit\u00e9 qui peuvent \u00eatre lou\u00e9s pour des vacances bien m\u00e9rit\u00e9es. En occitan, \u2018\u2019Puech\u2019\u2019 veut dire colline et \u2018\u2019Malou\u2019\u2019 d\u00e9signe une &hellip; <\/p>\n<p class=\"link-more\"><a href=\"https:\/\/maisonpuechmalou.com\/fr\/\" class=\"more-link\">Continuer la lecture<span class=\"screen-reader-text\"> de &laquo;&nbsp;Le Domaine&nbsp;&raquo;<\/span><\/a><\/p>\n","protected":false},"author":1,"featured_media":0,"parent":0,"menu_order":0,"comment_status":"closed","ping_status":"closed","template":"","meta":{"footnotes":""},"class_list":["post-147","page","type-page","status-publish","hentry"],"yoast_head":"<!-- This site is optimized with the Yoast SEO plugin v27.4 - https:\/\/yoast.com\/product\/yoast-seo-wordpress\/ -->\n<title>Le Domaine - Domaine Puech Malou<\/title>\n<meta name=\"description\" content=\"Op Domaine Puech Malou vindt u vakantiehuis &#039;de Hoeve&#039; en vakantiehuis &#039;de Cottage&#039; op een heerlijk terrein in Occitani\u00eb in het Zuidwesten van Frankrijk\" \/>\n<meta name=\"robots\" content=\"index, follow, max-snippet:-1, max-image-preview:large, max-video-preview:-1\" \/>\n<link rel=\"canonical\" href=\"https:\/\/maisonpuechmalou.com\/\" \/>\n<meta property=\"og:locale\" content=\"fr_FR\" \/>\n<meta property=\"og:type\" content=\"article\" \/>\n<meta property=\"og:title\" content=\"Le Domaine - Domaine Puech Malou\" \/>\n<meta property=\"og:description\" content=\"Op Domaine Puech Malou vindt u vakantiehuis &#039;de Hoeve&#039; en vakantiehuis &#039;de Cottage&#039; op een heerlijk terrein in Occitani\u00eb in het Zuidwesten van Frankrijk\" \/>\n<meta property=\"og:url\" content=\"https:\/\/maisonpuechmalou.com\/\" \/>\n<meta property=\"og:site_name\" content=\"Domaine Puech Malou\" \/>\n<meta property=\"article:modified_time\" content=\"2022-11-07T17:04:30+00:00\" \/>\n<meta property=\"og:image\" content=\"http:\/\/maisonpuechmalou.com\/wp-content\/uploads\/2017\/07\/sawday_def.jpg\" \/>\n<meta name=\"twitter:card\" content=\"summary_large_image\" \/>\n<meta name=\"twitter:label1\" content=\"Dur\u00e9e de lecture estim\u00e9e\" \/>\n\t<meta name=\"twitter:data1\" content=\"5 minutes\" \/>\n<script type=\"application\/ld+json\" class=\"yoast-schema-graph\">{\"@context\":\"https:\\\/\\\/schema.org\",\"@graph\":[{\"@type\":\"WebPage\",\"@id\":\"https:\\\/\\\/maisonpuechmalou.com\\\/\",\"url\":\"https:\\\/\\\/maisonpuechmalou.com\\\/\",\"name\":\"Le Domaine - Domaine Puech Malou\",\"isPartOf\":{\"@id\":\"https:\\\/\\\/maisonpuechmalou.com\\\/#website\"},\"primaryImageOfPage\":{\"@id\":\"https:\\\/\\\/maisonpuechmalou.com\\\/#primaryimage\"},\"image\":{\"@id\":\"https:\\\/\\\/maisonpuechmalou.com\\\/#primaryimage\"},\"thumbnailUrl\":\"http:\\\/\\\/maisonpuechmalou.com\\\/wp-content\\\/uploads\\\/2017\\\/07\\\/sawday_def.jpg\",\"datePublished\":\"2017-07-25T13:40:33+00:00\",\"dateModified\":\"2022-11-07T17:04:30+00:00\",\"description\":\"Op Domaine Puech Malou vindt u vakantiehuis 'de Hoeve' en vakantiehuis 'de Cottage' op een heerlijk terrein in Occitani\u00eb in het Zuidwesten van Frankrijk\",\"breadcrumb\":{\"@id\":\"https:\\\/\\\/maisonpuechmalou.com\\\/#breadcrumb\"},\"inLanguage\":\"fr-FR\",\"potentialAction\":[{\"@type\":\"ReadAction\",\"target\":[\"https:\\\/\\\/maisonpuechmalou.com\\\/\"]}]},{\"@type\":\"ImageObject\",\"inLanguage\":\"fr-FR\",\"@id\":\"https:\\\/\\\/maisonpuechmalou.com\\\/#primaryimage\",\"url\":\"http:\\\/\\\/maisonpuechmalou.com\\\/wp-content\\\/uploads\\\/2017\\\/07\\\/sawday_def.jpg\",\"contentUrl\":\"http:\\\/\\\/maisonpuechmalou.com\\\/wp-content\\\/uploads\\\/2017\\\/07\\\/sawday_def.jpg\"},{\"@type\":\"BreadcrumbList\",\"@id\":\"https:\\\/\\\/maisonpuechmalou.com\\\/#breadcrumb\",\"itemListElement\":[{\"@type\":\"ListItem\",\"position\":1,\"name\":\"Home\",\"item\":\"https:\\\/\\\/maisonpuechmalou.com\\\/\"},{\"@type\":\"ListItem\",\"position\":2,\"name\":\"Het domein\"}]},{\"@type\":\"WebSite\",\"@id\":\"https:\\\/\\\/maisonpuechmalou.com\\\/#website\",\"url\":\"https:\\\/\\\/maisonpuechmalou.com\\\/\",\"name\":\"Domaine Puech Malou\",\"description\":\"Des vacances dans un petit paradis en Occitanie\",\"potentialAction\":[{\"@type\":\"SearchAction\",\"target\":{\"@type\":\"EntryPoint\",\"urlTemplate\":\"https:\\\/\\\/maisonpuechmalou.com\\\/?s={search_term_string}\"},\"query-input\":{\"@type\":\"PropertyValueSpecification\",\"valueRequired\":true,\"valueName\":\"search_term_string\"}}],\"inLanguage\":\"fr-FR\"}]}<\/script>\n<!-- \/ Yoast SEO plugin. -->","yoast_head_json":{"title":"Le Domaine - Domaine Puech Malou","description":"Op Domaine Puech Malou vindt u vakantiehuis 'de Hoeve' en vakantiehuis 'de Cottage' op een heerlijk terrein in Occitani\u00eb in het Zuidwesten van Frankrijk","robots":{"index":"index","follow":"follow","max-snippet":"max-snippet:-1","max-image-preview":"max-image-preview:large","max-video-preview":"max-video-preview:-1"},"canonical":"https:\/\/maisonpuechmalou.com\/","og_locale":"fr_FR","og_type":"article","og_title":"Le Domaine - Domaine Puech Malou","og_description":"Op Domaine Puech Malou vindt u vakantiehuis 'de Hoeve' en vakantiehuis 'de Cottage' op een heerlijk terrein in Occitani\u00eb in het Zuidwesten van Frankrijk","og_url":"https:\/\/maisonpuechmalou.com\/","og_site_name":"Domaine Puech Malou","article_modified_time":"2022-11-07T17:04:30+00:00","og_image":[{"url":"http:\/\/maisonpuechmalou.com\/wp-content\/uploads\/2017\/07\/sawday_def.jpg","type":"","width":"","height":""}],"twitter_card":"summary_large_image","twitter_misc":{"Dur\u00e9e de lecture estim\u00e9e":"5 minutes"},"schema":{"@context":"https:\/\/schema.org","@graph":[{"@type":"WebPage","@id":"https:\/\/maisonpuechmalou.com\/","url":"https:\/\/maisonpuechmalou.com\/","name":"Le Domaine - Domaine Puech Malou","isPartOf":{"@id":"https:\/\/maisonpuechmalou.com\/#website"},"primaryImageOfPage":{"@id":"https:\/\/maisonpuechmalou.com\/#primaryimage"},"image":{"@id":"https:\/\/maisonpuechmalou.com\/#primaryimage"},"thumbnailUrl":"http:\/\/maisonpuechmalou.com\/wp-content\/uploads\/2017\/07\/sawday_def.jpg","datePublished":"2017-07-25T13:40:33+00:00","dateModified":"2022-11-07T17:04:30+00:00","description":"Op Domaine Puech Malou vindt u vakantiehuis 'de Hoeve' en vakantiehuis 'de Cottage' op een heerlijk terrein in Occitani\u00eb in het Zuidwesten van Frankrijk","breadcrumb":{"@id":"https:\/\/maisonpuechmalou.com\/#breadcrumb"},"inLanguage":"fr-FR","potentialAction":[{"@type":"ReadAction","target":["https:\/\/maisonpuechmalou.com\/"]}]},{"@type":"ImageObject","inLanguage":"fr-FR","@id":"https:\/\/maisonpuechmalou.com\/#primaryimage","url":"http:\/\/maisonpuechmalou.com\/wp-content\/uploads\/2017\/07\/sawday_def.jpg","contentUrl":"http:\/\/maisonpuechmalou.com\/wp-content\/uploads\/2017\/07\/sawday_def.jpg"},{"@type":"BreadcrumbList","@id":"https:\/\/maisonpuechmalou.com\/#breadcrumb","itemListElement":[{"@type":"ListItem","position":1,"name":"Home","item":"https:\/\/maisonpuechmalou.com\/"},{"@type":"ListItem","position":2,"name":"Het domein"}]},{"@type":"WebSite","@id":"https:\/\/maisonpuechmalou.com\/#website","url":"https:\/\/maisonpuechmalou.com\/","name":"Domaine Puech Malou","description":"Des vacances dans un petit paradis en Occitanie","potentialAction":[{"@type":"SearchAction","target":{"@type":"EntryPoint","urlTemplate":"https:\/\/maisonpuechmalou.com\/?s={search_term_string}"},"query-input":{"@type":"PropertyValueSpecification","valueRequired":true,"valueName":"search_term_string"}}],"inLanguage":"fr-FR"}]}},"_links":{"self":[{"href":"https:\/\/maisonpuechmalou.com\/fr\/wp-json\/wp\/v2\/pages\/147","targetHints":{"allow":["GET"]}}],"collection":[{"href":"https:\/\/maisonpuechmalou.com\/fr\/wp-json\/wp\/v2\/pages"}],"about":[{"href":"https:\/\/maisonpuechmalou.com\/fr\/wp-json\/wp\/v2\/types\/page"}],"author":[{"embeddable":true,"href":"https:\/\/maisonpuechmalou.com\/fr\/wp-json\/wp\/v2\/users\/1"}],"replies":[{"embeddable":true,"href":"https:\/\/maisonpuechmalou.com\/fr\/wp-json\/wp\/v2\/comments?post=147"}],"version-history":[{"count":64,"href":"https:\/\/maisonpuechmalou.com\/fr\/wp-json\/wp\/v2\/pages\/147\/revisions"}],"predecessor-version":[{"id":5401,"href":"https:\/\/maisonpuechmalou.com\/fr\/wp-json\/wp\/v2\/pages\/147\/revisions\/5401"}],"wp:attachment":[{"href":"https:\/\/maisonpuechmalou.com\/fr\/wp-json\/wp\/v2\/media?parent=147"}],"curies":[{"name":"wp","href":"https:\/\/api.w.org\/{rel}","templated":true}]}}