{"id":149,"date":"2017-07-25T15:40:33","date_gmt":"2017-07-25T13:40:33","guid":{"rendered":"http:\/\/maisonpuechmalou.com\/?page_id=149"},"modified":"2019-04-24T17:33:49","modified_gmt":"2019-04-24T15:33:49","slug":"vakantiehuis-de-cottage","status":"publish","type":"page","link":"https:\/\/maisonpuechmalou.com\/en\/vakantiehuis-de-cottage\/","title":{"rendered":"Holiday home &#8216;the Cottage'"},"content":{"rendered":"<p><\/p>\n<h2 style=\"text-align: justify;\"><span style=\"font-weight: 400;\">Holiday home The Cottage faces south-east onto a private garden (around 1,000 m2) with colourful hydrangeas, cedar trees which supply shade and where you will hear frogs, crickets and birds. On the private terrace with teak table and chairs you can enjoy your meals in comfort.<\/span><\/h2>\n<p style=\"text-align: justify;\"><span style=\"font-weight: 400;\">The kitchen is well equipped with all modern appliances. There is a very comfortable sitting area and a dining table with chairs and a woodfire to keep you warm in early spring or late summer. <\/span><\/p>\n<p style=\"text-align: justify;\"><img loading=\"lazy\" decoding=\"async\" class=\"size-full wp-image-462 alignleft\" src=\"http:\/\/maisonpuechmalou.com\/wp-content\/uploads\/2017\/07\/meuble_3.jpg\" alt=\"\" width=\"150\" height=\"150\" srcset=\"https:\/\/maisonpuechmalou.com\/wp-content\/uploads\/2017\/07\/meuble_3.jpg 150w, https:\/\/maisonpuechmalou.com\/wp-content\/uploads\/2017\/07\/meuble_3-100x100.jpg 100w\" sizes=\"auto, (max-width: 150px) 100vw, 150px\" \/><\/p>\n<p style=\"text-align: justify;\"><span style=\"font-weight: 400;\">In the bedroom, there are beds with box spring matrasses and an en-suite shower with toilet and washbasin.<\/span><\/p>\n<p style=\"text-align: justify;\"><span style=\"font-weight: 400;\">The peace and quiet, along with beautiful views over the hilly countryside, spectacular sunsets and star-filled night skies provide the ingredients for a wonderful holiday.<\/span><\/p>\n<p style=\"text-align: justify;\"><span style=\"font-weight: 400;\">This very romantic Cottage has just been rated 3-stars Meubl\u00e9s du Tourisme by the Comit\u00e9 Departemental du Tourisme du Tarn Midi-Pyr\u00e9n\u00e9es and offers the perfect hideaway \u201cjust for two\u2019. <\/span><\/p>\n<p><a href=\"http:\/\/maisonpuechmalou.com\/wp-content\/virtualtours\/cottage\/PuechMalouCottage.html\" target=\"_blank\" rel=\"noopener noreferrer\"><img loading=\"lazy\" decoding=\"async\" class=\"alignnone wp-image-863 size-full\" src=\"http:\/\/maisonpuechmalou.com\/wp-content\/uploads\/2019\/04\/cottageua.jpg\" alt=\"\" width=\"900\" height=\"545\" srcset=\"https:\/\/maisonpuechmalou.com\/wp-content\/uploads\/2019\/04\/cottageua.jpg 900w, https:\/\/maisonpuechmalou.com\/wp-content\/uploads\/2019\/04\/cottageua-768x465.jpg 768w\" sizes=\"auto, (max-width: 767px) 89vw, (max-width: 1000px) 54vw, (max-width: 1071px) 543px, 580px\" \/><\/a><\/p>\n<p><span style=\"font-size: 12pt;\">View the tour of the cottage\u00a0 (opens a new window)<\/span><\/p>\n<p>","protected":false},"excerpt":{"rendered":"<p>Holiday home The Cottage faces south-east onto a private garden (around 1,000 m2) with colourful hydrangeas, cedar trees which supply shade and where you will hear frogs, crickets and birds. On the private terrace with teak table and chairs you can enjoy your meals in comfort. The kitchen is well equipped with all modern appliances. &hellip; <\/p>\n<p class=\"link-more\"><a href=\"https:\/\/maisonpuechmalou.com\/en\/vakantiehuis-de-cottage\/\" class=\"more-link\">Continue reading<span class=\"screen-reader-text\"> &#8220;Holiday home &#8216;the Cottage'&#8221;<\/span><\/a><\/p>\n","protected":false},"author":1,"featured_media":432,"parent":0,"menu_order":0,"comment_status":"closed","ping_status":"closed","template":"","meta":{"footnotes":""},"class_list":["post-149","page","type-page","status-publish","has-post-thumbnail","hentry"],"yoast_head":"<!-- This site is optimized with the Yoast SEO plugin v27.4 - https:\/\/yoast.com\/product\/yoast-seo-wordpress\/ -->\n<title>Holiday home &#039;the Cottage&#039; - Domaine Puech Malou<\/title>\n<meta name=\"description\" content=\"Op Domaine Puech Malou treft u het charmante vakantiehuis &#039;de Cottage&#039;. Volledig ingericht en van alle gemakken voorzien op ruim perceel met terras en tuin.\" \/>\n<meta name=\"robots\" content=\"index, follow, max-snippet:-1, max-image-preview:large, max-video-preview:-1\" \/>\n<link rel=\"canonical\" href=\"https:\/\/maisonpuechmalou.com\/vakantiehuis-de-cottage\/\" \/>\n<meta property=\"og:locale\" content=\"en_US\" \/>\n<meta property=\"og:type\" content=\"article\" \/>\n<meta property=\"og:title\" content=\"Holiday home &#039;the Cottage&#039; - Domaine Puech Malou\" \/>\n<meta property=\"og:description\" content=\"Op Domaine Puech Malou treft u het charmante vakantiehuis &#039;de Cottage&#039;. Volledig ingericht en van alle gemakken voorzien op ruim perceel met terras en tuin.\" \/>\n<meta property=\"og:url\" content=\"https:\/\/maisonpuechmalou.com\/vakantiehuis-de-cottage\/\" \/>\n<meta property=\"og:site_name\" content=\"Domaine Puech Malou\" \/>\n<meta property=\"article:modified_time\" content=\"2019-04-24T15:33:49+00:00\" \/>\n<meta property=\"og:image\" content=\"https:\/\/maisonpuechmalou.com\/wp-content\/uploads\/2017\/11\/rotator-1.jpg\" \/>\n\t<meta property=\"og:image:width\" content=\"2000\" \/>\n\t<meta property=\"og:image:height\" content=\"1200\" \/>\n\t<meta property=\"og:image:type\" content=\"image\/jpeg\" \/>\n<meta name=\"twitter:card\" content=\"summary_large_image\" \/>\n<meta name=\"twitter:label1\" content=\"Est. reading time\" \/>\n\t<meta name=\"twitter:data1\" content=\"3 minutes\" \/>\n<script type=\"application\/ld+json\" class=\"yoast-schema-graph\">{\"@context\":\"https:\\\/\\\/schema.org\",\"@graph\":[{\"@type\":\"WebPage\",\"@id\":\"https:\\\/\\\/maisonpuechmalou.com\\\/vakantiehuis-de-cottage\\\/\",\"url\":\"https:\\\/\\\/maisonpuechmalou.com\\\/vakantiehuis-de-cottage\\\/\",\"name\":\"Holiday home 'the Cottage' - Domaine Puech Malou\",\"isPartOf\":{\"@id\":\"https:\\\/\\\/maisonpuechmalou.com\\\/#website\"},\"primaryImageOfPage\":{\"@id\":\"https:\\\/\\\/maisonpuechmalou.com\\\/vakantiehuis-de-cottage\\\/#primaryimage\"},\"image\":{\"@id\":\"https:\\\/\\\/maisonpuechmalou.com\\\/vakantiehuis-de-cottage\\\/#primaryimage\"},\"thumbnailUrl\":\"https:\\\/\\\/maisonpuechmalou.com\\\/wp-content\\\/uploads\\\/2017\\\/11\\\/rotator-1.jpg\",\"datePublished\":\"2017-07-25T13:40:33+00:00\",\"dateModified\":\"2019-04-24T15:33:49+00:00\",\"description\":\"Op Domaine Puech Malou treft u het charmante vakantiehuis 'de Cottage'. Volledig ingericht en van alle gemakken voorzien op ruim perceel met terras en tuin.\",\"breadcrumb\":{\"@id\":\"https:\\\/\\\/maisonpuechmalou.com\\\/vakantiehuis-de-cottage\\\/#breadcrumb\"},\"inLanguage\":\"en-US\",\"potentialAction\":[{\"@type\":\"ReadAction\",\"target\":[\"https:\\\/\\\/maisonpuechmalou.com\\\/vakantiehuis-de-cottage\\\/\"]}]},{\"@type\":\"ImageObject\",\"inLanguage\":\"en-US\",\"@id\":\"https:\\\/\\\/maisonpuechmalou.com\\\/vakantiehuis-de-cottage\\\/#primaryimage\",\"url\":\"https:\\\/\\\/maisonpuechmalou.com\\\/wp-content\\\/uploads\\\/2017\\\/11\\\/rotator-1.jpg\",\"contentUrl\":\"https:\\\/\\\/maisonpuechmalou.com\\\/wp-content\\\/uploads\\\/2017\\\/11\\\/rotator-1.jpg\",\"width\":2000,\"height\":1200},{\"@type\":\"BreadcrumbList\",\"@id\":\"https:\\\/\\\/maisonpuechmalou.com\\\/vakantiehuis-de-cottage\\\/#breadcrumb\",\"itemListElement\":[{\"@type\":\"ListItem\",\"position\":1,\"name\":\"Home\",\"item\":\"https:\\\/\\\/maisonpuechmalou.com\\\/\"},{\"@type\":\"ListItem\",\"position\":2,\"name\":\"Vakantiehuis &#8216;de Cottage'\"}]},{\"@type\":\"WebSite\",\"@id\":\"https:\\\/\\\/maisonpuechmalou.com\\\/#website\",\"url\":\"https:\\\/\\\/maisonpuechmalou.com\\\/\",\"name\":\"Domaine Puech Malou\",\"description\":\"Heavenly holiday home in Occitanie\",\"potentialAction\":[{\"@type\":\"SearchAction\",\"target\":{\"@type\":\"EntryPoint\",\"urlTemplate\":\"https:\\\/\\\/maisonpuechmalou.com\\\/?s={search_term_string}\"},\"query-input\":{\"@type\":\"PropertyValueSpecification\",\"valueRequired\":true,\"valueName\":\"search_term_string\"}}],\"inLanguage\":\"en-US\"}]}<\/script>\n<!-- \/ Yoast SEO plugin. -->","yoast_head_json":{"title":"Holiday home 'the Cottage' - Domaine Puech Malou","description":"Op Domaine Puech Malou treft u het charmante vakantiehuis 'de Cottage'. Volledig ingericht en van alle gemakken voorzien op ruim perceel met terras en tuin.","robots":{"index":"index","follow":"follow","max-snippet":"max-snippet:-1","max-image-preview":"max-image-preview:large","max-video-preview":"max-video-preview:-1"},"canonical":"https:\/\/maisonpuechmalou.com\/vakantiehuis-de-cottage\/","og_locale":"en_US","og_type":"article","og_title":"Holiday home 'the Cottage' - Domaine Puech Malou","og_description":"Op Domaine Puech Malou treft u het charmante vakantiehuis 'de Cottage'. Volledig ingericht en van alle gemakken voorzien op ruim perceel met terras en tuin.","og_url":"https:\/\/maisonpuechmalou.com\/vakantiehuis-de-cottage\/","og_site_name":"Domaine Puech Malou","article_modified_time":"2019-04-24T15:33:49+00:00","og_image":[{"width":2000,"height":1200,"url":"https:\/\/maisonpuechmalou.com\/wp-content\/uploads\/2017\/11\/rotator-1.jpg","type":"image\/jpeg"}],"twitter_card":"summary_large_image","twitter_misc":{"Est. reading time":"3 minutes"},"schema":{"@context":"https:\/\/schema.org","@graph":[{"@type":"WebPage","@id":"https:\/\/maisonpuechmalou.com\/vakantiehuis-de-cottage\/","url":"https:\/\/maisonpuechmalou.com\/vakantiehuis-de-cottage\/","name":"Holiday home 'the Cottage' - Domaine Puech Malou","isPartOf":{"@id":"https:\/\/maisonpuechmalou.com\/#website"},"primaryImageOfPage":{"@id":"https:\/\/maisonpuechmalou.com\/vakantiehuis-de-cottage\/#primaryimage"},"image":{"@id":"https:\/\/maisonpuechmalou.com\/vakantiehuis-de-cottage\/#primaryimage"},"thumbnailUrl":"https:\/\/maisonpuechmalou.com\/wp-content\/uploads\/2017\/11\/rotator-1.jpg","datePublished":"2017-07-25T13:40:33+00:00","dateModified":"2019-04-24T15:33:49+00:00","description":"Op Domaine Puech Malou treft u het charmante vakantiehuis 'de Cottage'. Volledig ingericht en van alle gemakken voorzien op ruim perceel met terras en tuin.","breadcrumb":{"@id":"https:\/\/maisonpuechmalou.com\/vakantiehuis-de-cottage\/#breadcrumb"},"inLanguage":"en-US","potentialAction":[{"@type":"ReadAction","target":["https:\/\/maisonpuechmalou.com\/vakantiehuis-de-cottage\/"]}]},{"@type":"ImageObject","inLanguage":"en-US","@id":"https:\/\/maisonpuechmalou.com\/vakantiehuis-de-cottage\/#primaryimage","url":"https:\/\/maisonpuechmalou.com\/wp-content\/uploads\/2017\/11\/rotator-1.jpg","contentUrl":"https:\/\/maisonpuechmalou.com\/wp-content\/uploads\/2017\/11\/rotator-1.jpg","width":2000,"height":1200},{"@type":"BreadcrumbList","@id":"https:\/\/maisonpuechmalou.com\/vakantiehuis-de-cottage\/#breadcrumb","itemListElement":[{"@type":"ListItem","position":1,"name":"Home","item":"https:\/\/maisonpuechmalou.com\/"},{"@type":"ListItem","position":2,"name":"Vakantiehuis &#8216;de Cottage'"}]},{"@type":"WebSite","@id":"https:\/\/maisonpuechmalou.com\/#website","url":"https:\/\/maisonpuechmalou.com\/","name":"Domaine Puech Malou","description":"Heavenly holiday home in Occitanie","potentialAction":[{"@type":"SearchAction","target":{"@type":"EntryPoint","urlTemplate":"https:\/\/maisonpuechmalou.com\/?s={search_term_string}"},"query-input":{"@type":"PropertyValueSpecification","valueRequired":true,"valueName":"search_term_string"}}],"inLanguage":"en-US"}]}},"_links":{"self":[{"href":"https:\/\/maisonpuechmalou.com\/en\/wp-json\/wp\/v2\/pages\/149","targetHints":{"allow":["GET"]}}],"collection":[{"href":"https:\/\/maisonpuechmalou.com\/en\/wp-json\/wp\/v2\/pages"}],"about":[{"href":"https:\/\/maisonpuechmalou.com\/en\/wp-json\/wp\/v2\/types\/page"}],"author":[{"embeddable":true,"href":"https:\/\/maisonpuechmalou.com\/en\/wp-json\/wp\/v2\/users\/1"}],"replies":[{"embeddable":true,"href":"https:\/\/maisonpuechmalou.com\/en\/wp-json\/wp\/v2\/comments?post=149"}],"version-history":[{"count":39,"href":"https:\/\/maisonpuechmalou.com\/en\/wp-json\/wp\/v2\/pages\/149\/revisions"}],"predecessor-version":[{"id":908,"href":"https:\/\/maisonpuechmalou.com\/en\/wp-json\/wp\/v2\/pages\/149\/revisions\/908"}],"wp:featuredmedia":[{"embeddable":true,"href":"https:\/\/maisonpuechmalou.com\/en\/wp-json\/wp\/v2\/media\/432"}],"wp:attachment":[{"href":"https:\/\/maisonpuechmalou.com\/en\/wp-json\/wp\/v2\/media?parent=149"}],"curies":[{"name":"wp","href":"https:\/\/api.w.org\/{rel}","templated":true}]}}