{"id":148,"date":"2017-07-25T15:40:33","date_gmt":"2017-07-25T13:40:33","guid":{"rendered":"http:\/\/maisonpuechmalou.com\/?page_id=148"},"modified":"2023-11-19T16:31:14","modified_gmt":"2023-11-19T15:31:14","slug":"vakantiehuis-de-hoeve","status":"publish","type":"page","link":"https:\/\/maisonpuechmalou.com\/en\/vakantiehuis-de-hoeve\/","title":{"rendered":"Holiday home &#8216;The Farmhouse'"},"content":{"rendered":"<p><\/div>\n<div><\/div>\n<h2><span style=\"font-weight: 400;\">The Farmhouse is south-west facing with private garden and terrace. It is spacious with an attractive interior and with all modern appliances and comfort for a lovely holiday. Suitable for up to 10 people but more are possible if you contact us.\u00a0<\/span><\/h2>\n<p><span style=\"font-weight: 400;\">Through the covered Cour (the inner courtyard) you will enter the spacious kitchen-breakfast room. Decorated in good taste and well equipped with modern appliances. You can relax in the comfort of the roomy lounge, possibly enjoying a glass of vin du pays in this warm heart of the house. The antique furniture and various seating areas will help to make you feel at home. The five romantic, large bedrooms and three bathrooms complete the necessary facilities.<\/span><\/p>\n<p>The French windows lead you out into the private garden. There is a terrace with tables and chairs for 10 to 12 people.<\/p>\n<p><img loading=\"lazy\" decoding=\"async\" class=\"size-full wp-image-459 alignleft\" src=\"http:\/\/maisonpuechmalou.com\/wp-content\/uploads\/2017\/07\/meuble_4.jpg\" alt=\"\" width=\"150\" height=\"152\" srcset=\"https:\/\/maisonpuechmalou.com\/wp-content\/uploads\/2017\/07\/meuble_4.jpg 150w, https:\/\/maisonpuechmalou.com\/wp-content\/uploads\/2017\/07\/meuble_4-100x100.jpg 100w\" sizes=\"auto, (max-width: 150px) 100vw, 150px\" \/><\/p>\n<p>The lime tree offers shade while you are enjoying an extended lunch and provides cool air during dinners on balmy summer evenings. A barbecue is also available.\u00a0The private garden (more than 2,500 m2) has beautiful views over the surrounding hilly landscape. There is a swimming pool of 5 by 11 metres which has a constant depth of 1,30 metres. The pool is surrounded by a paved area with sunbeds.<\/p>\n<p>Our \u2018away from it all\u2019 charming Farmhouse has been awarded 4-stars Meubl\u00e9s des Tourisme by the Comit\u00e9 Departemental du Tourisme du Tarn Midi-Pyr\u00e9n\u00e9es and offers the perfect environment for a special stay.<\/p>\n<p style=\"text-align: justify;\"><a href=\"http:\/\/maisonpuechmalou.com\/wp-content\/virtualtours\/farmhouse\/PuechMalouFarmhouse.html\" target=\"_blank\" rel=\"noopener noreferrer\"><img loading=\"lazy\" decoding=\"async\" class=\"alignnone\" src=\"http:\/\/maisonpuechmalou.com\/wp-content\/uploads\/2019\/04\/mpuechm.jpg\" alt=\"\" width=\"900\" height=\"545\" \/><\/a><\/p>\n<p style=\"text-align: left;\"><span style=\"font-size: 12pt;\">View the on-line tour (opens in a new window)<\/span><\/p>\n<p><\/p>","protected":false},"excerpt":{"rendered":"<p>The Farmhouse is south-west facing with private garden and terrace. It is spacious with an attractive interior and with all modern appliances and comfort for a lovely holiday. Suitable for up to 10 people but more are possible if you contact us.\u00a0 Through the covered Cour (the inner courtyard) you will enter the spacious kitchen-breakfast &hellip; <\/p>\n<p class=\"link-more\"><a href=\"https:\/\/maisonpuechmalou.com\/en\/vakantiehuis-de-hoeve\/\" class=\"more-link\">Continue reading<span class=\"screen-reader-text\"> &#8220;Holiday home &#8216;The Farmhouse'&#8221;<\/span><\/a><\/p>\n","protected":false},"author":1,"featured_media":93,"parent":0,"menu_order":0,"comment_status":"closed","ping_status":"closed","template":"","meta":{"footnotes":""},"class_list":["post-148","page","type-page","status-publish","has-post-thumbnail","hentry"],"yoast_head":"<!-- This site is optimized with the Yoast SEO plugin v27.5 - https:\/\/yoast.com\/product\/yoast-seo-wordpress\/ -->\n<title>Holiday home &#039;The Farmhouse&#039; - Domaine Puech Malou<\/title>\n<meta name=\"robots\" content=\"index, follow, max-snippet:-1, max-image-preview:large, max-video-preview:-1\" \/>\n<link rel=\"canonical\" href=\"https:\/\/maisonpuechmalou.com\/vakantiehuis-de-hoeve\/\" \/>\n<meta property=\"og:locale\" content=\"en_US\" \/>\n<meta property=\"og:type\" content=\"article\" \/>\n<meta property=\"og:title\" content=\"Holiday home &#039;The Farmhouse&#039; - Domaine Puech Malou\" \/>\n<meta property=\"og:description\" content=\"The Farmhouse is south-west facing with private garden and terrace. It is spacious with an attractive interior and with all modern appliances and comfort for a lovely holiday. Suitable for up to 10 people but more are possible if you contact us.\u00a0 Through the covered Cour (the inner courtyard) you will enter the spacious kitchen-breakfast &hellip; Continue reading &quot;Holiday home &#8216;The Farmhouse&#039;&quot;\" \/>\n<meta property=\"og:url\" content=\"https:\/\/maisonpuechmalou.com\/vakantiehuis-de-hoeve\/\" \/>\n<meta property=\"og:site_name\" content=\"Domaine Puech Malou\" \/>\n<meta property=\"article:modified_time\" content=\"2023-11-19T15:31:14+00:00\" \/>\n<meta property=\"og:image\" content=\"https:\/\/maisonpuechmalou.com\/wp-content\/uploads\/2017\/05\/hoeve.jpg\" \/>\n\t<meta property=\"og:image:width\" content=\"1024\" \/>\n\t<meta property=\"og:image:height\" content=\"769\" \/>\n\t<meta property=\"og:image:type\" content=\"image\/jpeg\" \/>\n<meta name=\"twitter:card\" content=\"summary_large_image\" \/>\n<meta name=\"twitter:label1\" content=\"Est. reading time\" \/>\n\t<meta name=\"twitter:data1\" content=\"6 minutes\" \/>\n<script type=\"application\/ld+json\" class=\"yoast-schema-graph\">{\"@context\":\"https:\\\/\\\/schema.org\",\"@graph\":[{\"@type\":\"WebPage\",\"@id\":\"https:\\\/\\\/maisonpuechmalou.com\\\/vakantiehuis-de-hoeve\\\/\",\"url\":\"https:\\\/\\\/maisonpuechmalou.com\\\/vakantiehuis-de-hoeve\\\/\",\"name\":\"Holiday home 'The Farmhouse' - Domaine Puech Malou\",\"isPartOf\":{\"@id\":\"https:\\\/\\\/maisonpuechmalou.com\\\/#website\"},\"primaryImageOfPage\":{\"@id\":\"https:\\\/\\\/maisonpuechmalou.com\\\/vakantiehuis-de-hoeve\\\/#primaryimage\"},\"image\":{\"@id\":\"https:\\\/\\\/maisonpuechmalou.com\\\/vakantiehuis-de-hoeve\\\/#primaryimage\"},\"thumbnailUrl\":\"https:\\\/\\\/maisonpuechmalou.com\\\/wp-content\\\/uploads\\\/2017\\\/05\\\/hoeve.jpg\",\"datePublished\":\"2017-07-25T13:40:33+00:00\",\"dateModified\":\"2023-11-19T15:31:14+00:00\",\"breadcrumb\":{\"@id\":\"https:\\\/\\\/maisonpuechmalou.com\\\/vakantiehuis-de-hoeve\\\/#breadcrumb\"},\"inLanguage\":\"en-US\",\"potentialAction\":[{\"@type\":\"ReadAction\",\"target\":[\"https:\\\/\\\/maisonpuechmalou.com\\\/vakantiehuis-de-hoeve\\\/\"]}]},{\"@type\":\"ImageObject\",\"inLanguage\":\"en-US\",\"@id\":\"https:\\\/\\\/maisonpuechmalou.com\\\/vakantiehuis-de-hoeve\\\/#primaryimage\",\"url\":\"https:\\\/\\\/maisonpuechmalou.com\\\/wp-content\\\/uploads\\\/2017\\\/05\\\/hoeve.jpg\",\"contentUrl\":\"https:\\\/\\\/maisonpuechmalou.com\\\/wp-content\\\/uploads\\\/2017\\\/05\\\/hoeve.jpg\",\"width\":1024,\"height\":769},{\"@type\":\"BreadcrumbList\",\"@id\":\"https:\\\/\\\/maisonpuechmalou.com\\\/vakantiehuis-de-hoeve\\\/#breadcrumb\",\"itemListElement\":[{\"@type\":\"ListItem\",\"position\":1,\"name\":\"Home\",\"item\":\"https:\\\/\\\/maisonpuechmalou.com\\\/\"},{\"@type\":\"ListItem\",\"position\":2,\"name\":\"Vakantiehuis &#8216;de Hoeve&#8217;\"}]},{\"@type\":\"WebSite\",\"@id\":\"https:\\\/\\\/maisonpuechmalou.com\\\/#website\",\"url\":\"https:\\\/\\\/maisonpuechmalou.com\\\/\",\"name\":\"Domaine Puech Malou\",\"description\":\"Heavenly holiday home in Occitanie\",\"potentialAction\":[{\"@type\":\"SearchAction\",\"target\":{\"@type\":\"EntryPoint\",\"urlTemplate\":\"https:\\\/\\\/maisonpuechmalou.com\\\/?s={search_term_string}\"},\"query-input\":{\"@type\":\"PropertyValueSpecification\",\"valueRequired\":true,\"valueName\":\"search_term_string\"}}],\"inLanguage\":\"en-US\"}]}<\/script>\n<!-- \/ Yoast SEO plugin. -->","yoast_head_json":{"title":"Holiday home 'The Farmhouse' - Domaine Puech Malou","robots":{"index":"index","follow":"follow","max-snippet":"max-snippet:-1","max-image-preview":"max-image-preview:large","max-video-preview":"max-video-preview:-1"},"canonical":"https:\/\/maisonpuechmalou.com\/vakantiehuis-de-hoeve\/","og_locale":"en_US","og_type":"article","og_title":"Holiday home 'The Farmhouse' - Domaine Puech Malou","og_description":"The Farmhouse is south-west facing with private garden and terrace. It is spacious with an attractive interior and with all modern appliances and comfort for a lovely holiday. Suitable for up to 10 people but more are possible if you contact us.\u00a0 Through the covered Cour (the inner courtyard) you will enter the spacious kitchen-breakfast &hellip; Continue reading \"Holiday home &#8216;The Farmhouse'\"","og_url":"https:\/\/maisonpuechmalou.com\/vakantiehuis-de-hoeve\/","og_site_name":"Domaine Puech Malou","article_modified_time":"2023-11-19T15:31:14+00:00","og_image":[{"width":1024,"height":769,"url":"https:\/\/maisonpuechmalou.com\/wp-content\/uploads\/2017\/05\/hoeve.jpg","type":"image\/jpeg"}],"twitter_card":"summary_large_image","twitter_misc":{"Est. reading time":"6 minutes"},"schema":{"@context":"https:\/\/schema.org","@graph":[{"@type":"WebPage","@id":"https:\/\/maisonpuechmalou.com\/vakantiehuis-de-hoeve\/","url":"https:\/\/maisonpuechmalou.com\/vakantiehuis-de-hoeve\/","name":"Holiday home 'The Farmhouse' - Domaine Puech Malou","isPartOf":{"@id":"https:\/\/maisonpuechmalou.com\/#website"},"primaryImageOfPage":{"@id":"https:\/\/maisonpuechmalou.com\/vakantiehuis-de-hoeve\/#primaryimage"},"image":{"@id":"https:\/\/maisonpuechmalou.com\/vakantiehuis-de-hoeve\/#primaryimage"},"thumbnailUrl":"https:\/\/maisonpuechmalou.com\/wp-content\/uploads\/2017\/05\/hoeve.jpg","datePublished":"2017-07-25T13:40:33+00:00","dateModified":"2023-11-19T15:31:14+00:00","breadcrumb":{"@id":"https:\/\/maisonpuechmalou.com\/vakantiehuis-de-hoeve\/#breadcrumb"},"inLanguage":"en-US","potentialAction":[{"@type":"ReadAction","target":["https:\/\/maisonpuechmalou.com\/vakantiehuis-de-hoeve\/"]}]},{"@type":"ImageObject","inLanguage":"en-US","@id":"https:\/\/maisonpuechmalou.com\/vakantiehuis-de-hoeve\/#primaryimage","url":"https:\/\/maisonpuechmalou.com\/wp-content\/uploads\/2017\/05\/hoeve.jpg","contentUrl":"https:\/\/maisonpuechmalou.com\/wp-content\/uploads\/2017\/05\/hoeve.jpg","width":1024,"height":769},{"@type":"BreadcrumbList","@id":"https:\/\/maisonpuechmalou.com\/vakantiehuis-de-hoeve\/#breadcrumb","itemListElement":[{"@type":"ListItem","position":1,"name":"Home","item":"https:\/\/maisonpuechmalou.com\/"},{"@type":"ListItem","position":2,"name":"Vakantiehuis &#8216;de Hoeve&#8217;"}]},{"@type":"WebSite","@id":"https:\/\/maisonpuechmalou.com\/#website","url":"https:\/\/maisonpuechmalou.com\/","name":"Domaine Puech Malou","description":"Heavenly holiday home in Occitanie","potentialAction":[{"@type":"SearchAction","target":{"@type":"EntryPoint","urlTemplate":"https:\/\/maisonpuechmalou.com\/?s={search_term_string}"},"query-input":{"@type":"PropertyValueSpecification","valueRequired":true,"valueName":"search_term_string"}}],"inLanguage":"en-US"}]}},"_links":{"self":[{"href":"https:\/\/maisonpuechmalou.com\/en\/wp-json\/wp\/v2\/pages\/148","targetHints":{"allow":["GET"]}}],"collection":[{"href":"https:\/\/maisonpuechmalou.com\/en\/wp-json\/wp\/v2\/pages"}],"about":[{"href":"https:\/\/maisonpuechmalou.com\/en\/wp-json\/wp\/v2\/types\/page"}],"author":[{"embeddable":true,"href":"https:\/\/maisonpuechmalou.com\/en\/wp-json\/wp\/v2\/users\/1"}],"replies":[{"embeddable":true,"href":"https:\/\/maisonpuechmalou.com\/en\/wp-json\/wp\/v2\/comments?post=148"}],"version-history":[{"count":95,"href":"https:\/\/maisonpuechmalou.com\/en\/wp-json\/wp\/v2\/pages\/148\/revisions"}],"predecessor-version":[{"id":8385,"href":"https:\/\/maisonpuechmalou.com\/en\/wp-json\/wp\/v2\/pages\/148\/revisions\/8385"}],"wp:featuredmedia":[{"embeddable":true,"href":"https:\/\/maisonpuechmalou.com\/en\/wp-json\/wp\/v2\/media\/93"}],"wp:attachment":[{"href":"https:\/\/maisonpuechmalou.com\/en\/wp-json\/wp\/v2\/media?parent=148"}],"curies":[{"name":"wp","href":"https:\/\/api.w.org\/{rel}","templated":true}]}}